{"id":57,"date":"2017-02-14T17:19:15","date_gmt":"2017-02-14T16:19:15","guid":{"rendered":"http:\/\/dentiste-kristina-nil.eu\/?page_id=57"},"modified":"2017-02-14T17:19:15","modified_gmt":"2017-02-14T16:19:15","slug":"kristina-mackeviciute-nil","status":"publish","type":"page","link":"https:\/\/dentiste-kristina-nil.eu\/index.php\/kristina-mackeviciute-nil\/","title":{"rendered":"Kristina Mackevi\u010di\u016bt\u0117-Nil"},"content":{"rendered":"<h3><\/h3>\n<ul>\n<li>Graduated in 2004 by Kaunas (Lithuania) medicine university.<\/li>\n<li>Postgraduate diploma at Lille (France) university 2012 : <strong>Clinique d\u2019Occlusodontologie &amp; de R\u00e9habilitation Orale Fonctionnelle<\/strong><\/li>\n<li>Established in Belgium since october 2005<\/li>\n<\/ul>\n","protected":false},"excerpt":{"rendered":"<p>Graduated in 2004 by Kaunas (Lithuania) medicine university. Postgraduate diploma at Lille (France) university 2012 : Clinique d\u2019Occlusodontologie &amp; de R\u00e9habilitation Orale Fonctionnelle Established in Belgium since october 2005<\/p>\n","protected":false},"author":1,"featured_media":0,"parent":0,"menu_order":5,"comment_status":"closed","ping_status":"closed","template":"","meta":[],"_links":{"self":[{"href":"https:\/\/dentiste-kristina-nil.eu\/index.php\/wp-json\/wp\/v2\/pages\/57"}],"collection":[{"href":"https:\/\/dentiste-kristina-nil.eu\/index.php\/wp-json\/wp\/v2\/pages"}],"about":[{"href":"https:\/\/dentiste-kristina-nil.eu\/index.php\/wp-json\/wp\/v2\/types\/page"}],"author":[{"embeddable":true,"href":"https:\/\/dentiste-kristina-nil.eu\/index.php\/wp-json\/wp\/v2\/users\/1"}],"replies":[{"embeddable":true,"href":"https:\/\/dentiste-kristina-nil.eu\/index.php\/wp-json\/wp\/v2\/comments?post=57"}],"version-history":[{"count":0,"href":"https:\/\/dentiste-kristina-nil.eu\/index.php\/wp-json\/wp\/v2\/pages\/57\/revisions"}],"wp:attachment":[{"href":"https:\/\/dentiste-kristina-nil.eu\/index.php\/wp-json\/wp\/v2\/media?parent=57"}],"curies":[{"name":"wp","href":"https:\/\/api.w.org\/{rel}","templated":true}]}}